{"id":25,"date":"2019-10-24T10:11:40","date_gmt":"2019-10-24T07:11:40","guid":{"rendered":"http:\/\/demo.safirtema.com\/delta\/?page_id=25"},"modified":"2019-10-24T13:26:10","modified_gmt":"2019-10-24T10:26:10","slug":"sikca-sorulan-sorular","status":"publish","type":"page","link":"http:\/\/www.palomadus.com\/?page_id=25","title":{"rendered":"S\u0131k\u00e7a Sorulan Sorular"},"content":{"rendered":"\n<p>Bu sayfada <strong>Safir Soru Cevap<\/strong> butonu kullan\u0131larak olu\u015fturulmu\u015f \u00f6rnek bir soru cevap sayfas\u0131 g\u00f6rmektesiniz. <\/p>\n\n\n<div class=\"wp-block-safirtema-sorucevap\">\n\t<div class=\"question\">\n\t\t<span class=\"themeicon icon\"><svg class=\"themeicon-question\"><use href=\"#safiricon-tema--question\"><\/use><\/svg><\/span>\t\t<span class=\"text\">At vero eos et accusam et justo duo dolores et ea rebum?<\/span>\n\t\t<div class=\"openclose\">\n\t\t\t<span class=\"themeicon icon\"><svg class=\"themeicon-arrow\"><use href=\"#safiricon-tema--arrow\"><\/use><\/svg><\/span><span class=\"themeicon icon\"><svg class=\"themeicon-up\"><use href=\"#safiricon-tema--up\"><\/use><\/svg><\/span>\t\t<\/div>\n\t<\/div>\n\t<div class=\"answer\">Stet clita kasd gubergren, no sea takimata sanctus est Lorem ipsum dolor sit amet. Lorem ipsum dolor sit amet, consetetur <a href=\"#\">sadipscing elitr<\/a>, sed diam nonumy eirmod tempor invidunt ut labore et dolore magna aliquyam erat, sed diam voluptua. <strong>At vero eos et accusam<\/strong> et justo duo dolores et ea rebum. <br\/><br\/>Stet clita kasd gubergren, no sea takimata sanctus est Lorem ipsum dolor sit amet. Lorem ipsum dolor sit amet, consetetur sadipscing elitr, At accusam aliquyam diam diam <strong>dolore dolores<\/strong> duo eirmod eos erat, et nonumy sed tempor et et invidunt justo labore Stet clita ea et gubergren, kasd magna no rebum. sanctus sea sed takimata ut vero voluptua. est Lorem ipsum dolor sit amet. Lorem ipsum dolor sit amet, consetetur sadipscing elitr, sed diam nonumy eirmod tempor invidunt ut labore et dolore magna aliquyam erat.<\/div>\n<\/div>\n\n<div class=\"wp-block-safirtema-sorucevap\">\n\t<div class=\"question\">\n\t\t<span class=\"themeicon icon\"><svg class=\"themeicon-question\"><use href=\"#safiricon-tema--question\"><\/use><\/svg><\/span>\t\t<span class=\"text\">Stet clita kasd gubergren, no sea takimata sanctus?<\/span>\n\t\t<div class=\"openclose\">\n\t\t\t<span class=\"themeicon icon\"><svg class=\"themeicon-arrow\"><use href=\"#safiricon-tema--arrow\"><\/use><\/svg><\/span><span class=\"themeicon icon\"><svg class=\"themeicon-up\"><use href=\"#safiricon-tema--up\"><\/use><\/svg><\/span>\t\t<\/div>\n\t<\/div>\n\t<div class=\"answer\">Lorem ipsum dolor sit amet. Lorem ipsum dolor sit amet, consetetur sadipscing elitr, sed diam nonumy eirmod tempor invidunt ut labore et dolore magna aliquyam erat, sed diam voluptua. At vero eos et accusam et justo duo dolores et ea rebum.<\/div>\n<\/div>\n\n<div class=\"wp-block-safirtema-sorucevap\">\n\t<div class=\"question\">\n\t\t<span class=\"themeicon icon\"><svg class=\"themeicon-question\"><use href=\"#safiricon-tema--question\"><\/use><\/svg><\/span>\t\t<span class=\"text\"> Stet clita kasd gubergren?<\/span>\n\t\t<div class=\"openclose\">\n\t\t\t<span class=\"themeicon icon\"><svg class=\"themeicon-arrow\"><use href=\"#safiricon-tema--arrow\"><\/use><\/svg><\/span><span class=\"themeicon icon\"><svg class=\"themeicon-up\"><use href=\"#safiricon-tema--up\"><\/use><\/svg><\/span>\t\t<\/div>\n\t<\/div>\n\t<div class=\"answer\">No sea takimata sanctus est Lorem ipsum dolor sit amet. Lorem ipsum dolor sit amet, consetetur sadipscing elitr, At accusam aliquyam diam diam dolore dolores duo eirmod eos erat, et nonumy sed tempor et et invidunt justo labore Stet clita ea et gubergren, kasd magna no rebum. sanctus sea sed takimata ut vero voluptua. est Lorem ipsum dolor sit amet. Lorem ipsum dolor sit amet, consetetur sadipscing elitr, sed diam nonumy eirmod tempor invidunt ut labore et dolore magna aliquyam erat.<\/div>\n<\/div>\n\n<div class=\"wp-block-safirtema-sorucevap\">\n\t<div class=\"question\">\n\t\t<span class=\"themeicon icon\"><svg class=\"themeicon-question\"><use href=\"#safiricon-tema--question\"><\/use><\/svg><\/span>\t\t<span class=\"text\">No sea takimata sanctus es? <\/span>\n\t\t<div class=\"openclose\">\n\t\t\t<span class=\"themeicon icon\"><svg class=\"themeicon-arrow\"><use href=\"#safiricon-tema--arrow\"><\/use><\/svg><\/span><span class=\"themeicon icon\"><svg class=\"themeicon-up\"><use href=\"#safiricon-tema--up\"><\/use><\/svg><\/span>\t\t<\/div>\n\t<\/div>\n\t<div class=\"answer\">Lorem ipsum dolor sit amet. Lorem ipsum dolor sit amet, consetetur sadipscing elitr, At accusam aliquyam diam diam dolore dolores duo eirmod eos erat, et nonumy sed tempor et et invidunt justo labore Stet clita ea et gubergren, kasd magna no rebum. sanctus sea sed takimata ut vero voluptua. est Lorem ipsum dolor sit amet. Lorem ipsum dolor sit amet, consetetur sadipscing elitr, sed diam nonumy eirmod tempor invidunt ut labore et dolore magna aliquyam erat.<\/div>\n<\/div>\n\n<div class=\"wp-block-safirtema-sorucevap\">\n\t<div class=\"question\">\n\t\t<span class=\"themeicon icon\"><svg class=\"themeicon-question\"><use href=\"#safiricon-tema--question\"><\/use><\/svg><\/span>\t\t<span class=\"text\">Lorem ipsum dolor sit amet?<\/span>\n\t\t<div class=\"openclose\">\n\t\t\t<span class=\"themeicon icon\"><svg class=\"themeicon-arrow\"><use href=\"#safiricon-tema--arrow\"><\/use><\/svg><\/span><span class=\"themeicon icon\"><svg class=\"themeicon-up\"><use href=\"#safiricon-tema--up\"><\/use><\/svg><\/span>\t\t<\/div>\n\t<\/div>\n\t<div class=\"answer\">Lorem ipsum dolor sit amet, consetetur sadipscing elitr, At accusam aliquyam diam diam dolore dolores duo eirmod eos erat, et nonumy sed tempor et et invidunt justo labore Stet clita ea et gubergren, kasd magna no rebum. sanctus sea sed takimata ut vero voluptua. est Lorem ipsum dolor sit amet. Lorem ipsum dolor sit amet, consetetur sadipscing elitr, sed diam nonumy eirmod tempor invidunt ut labore et dolore magna aliquyam erat.<\/div>\n<\/div>\n\n<div class=\"wp-block-safirtema-sorucevap\">\n\t<div class=\"question\">\n\t\t<span class=\"themeicon icon\"><svg class=\"themeicon-question\"><use href=\"#safiricon-tema--question\"><\/use><\/svg><\/span>\t\t<span class=\"text\">At accusam aliquyam diam diam dolore dolores? <\/span>\n\t\t<div class=\"openclose\">\n\t\t\t<span class=\"themeicon icon\"><svg class=\"themeicon-arrow\"><use href=\"#safiricon-tema--arrow\"><\/use><\/svg><\/span><span class=\"themeicon icon\"><svg class=\"themeicon-up\"><use href=\"#safiricon-tema--up\"><\/use><\/svg><\/span>\t\t<\/div>\n\t<\/div>\n\t<div class=\"answer\">Duo eirmod eos erat, et nonumy sed tempor et et invidunt justo labore Stet clita ea et gubergren, kasd magna no rebum. sanctus sea sed takimata ut vero voluptua. est Lorem ipsum dolor sit amet. Lorem ipsum dolor sit amet, consetetur sadipscing elitr, sed diam nonumy eirmod tempor invidunt ut labore et dolore magna aliquyam erat.<\/div>\n<\/div>\n\n<div class=\"wp-block-safirtema-sorucevap\">\n\t<div class=\"question\">\n\t\t<span class=\"themeicon icon\"><svg class=\"themeicon-question\"><use href=\"#safiricon-tema--question\"><\/use><\/svg><\/span>\t\t<span class=\"text\">Suo eirmod eos erat, et nonumy sed tempor? <\/span>\n\t\t<div class=\"openclose\">\n\t\t\t<span class=\"themeicon icon\"><svg class=\"themeicon-arrow\"><use href=\"#safiricon-tema--arrow\"><\/use><\/svg><\/span><span class=\"themeicon icon\"><svg class=\"themeicon-up\"><use href=\"#safiricon-tema--up\"><\/use><\/svg><\/span>\t\t<\/div>\n\t<\/div>\n\t<div class=\"answer\">Et et invidunt justo labore Stet clita ea et gubergren, kasd magna no rebum. sanctus sea sed takimata ut vero voluptua. est Lorem ipsum dolor sit amet. Lorem ipsum dolor sit amet, consetetur sadipscing elitr, sed diam nonumy eirmod tempor invidunt ut labore et dolore magna aliquyam erat.<\/div>\n<\/div>","protected":false},"excerpt":{"rendered":"<p>Bu sayfada Safir Soru Cevap butonu kullan\u0131larak olu\u015fturulmu\u015f \u00f6rnek bir soru cevap sayfas\u0131 g\u00f6rmektesiniz.<\/p>\n","protected":false},"author":1,"featured_media":0,"parent":0,"menu_order":0,"comment_status":"closed","ping_status":"closed","template":"","meta":{"footnotes":""},"class_list":["post-25","page","type-page","status-publish","hentry"],"aioseo_notices":[],"_links":{"self":[{"href":"http:\/\/www.palomadus.com\/index.php?rest_route=\/wp\/v2\/pages\/25","targetHints":{"allow":["GET"]}}],"collection":[{"href":"http:\/\/www.palomadus.com\/index.php?rest_route=\/wp\/v2\/pages"}],"about":[{"href":"http:\/\/www.palomadus.com\/index.php?rest_route=\/wp\/v2\/types\/page"}],"author":[{"embeddable":true,"href":"http:\/\/www.palomadus.com\/index.php?rest_route=\/wp\/v2\/users\/1"}],"replies":[{"embeddable":true,"href":"http:\/\/www.palomadus.com\/index.php?rest_route=%2Fwp%2Fv2%2Fcomments&post=25"}],"version-history":[{"count":5,"href":"http:\/\/www.palomadus.com\/index.php?rest_route=\/wp\/v2\/pages\/25\/revisions"}],"predecessor-version":[{"id":30,"href":"http:\/\/www.palomadus.com\/index.php?rest_route=\/wp\/v2\/pages\/25\/revisions\/30"}],"wp:attachment":[{"href":"http:\/\/www.palomadus.com\/index.php?rest_route=%2Fwp%2Fv2%2Fmedia&parent=25"}],"curies":[{"name":"wp","href":"https:\/\/api.w.org\/{rel}","templated":true}]}}