{"id":100,"date":"2019-10-24T15:35:38","date_gmt":"2019-10-24T12:35:38","guid":{"rendered":"http:\/\/demo.safirtema.com\/delta\/?page_id=100"},"modified":"2019-10-24T15:43:34","modified_gmt":"2019-10-24T12:43:34","slug":"hakkimizda","status":"publish","type":"page","link":"http:\/\/www.palomadus.com\/?page_id=100","title":{"rendered":"Hakk\u0131m\u0131zda"},"content":{"rendered":"\n<figure class=\"wp-block-image\"><img loading=\"lazy\" decoding=\"async\" width=\"1000\" height=\"570\" src=\"http:\/\/www.palomadus.com\/wp-content\/uploads\/2019\/10\/about.jpg\" alt=\"\" class=\"wp-image-101\" srcset=\"http:\/\/www.palomadus.com\/wp-content\/uploads\/2019\/10\/about.jpg 1000w, http:\/\/www.palomadus.com\/wp-content\/uploads\/2019\/10\/about-300x171.jpg 300w, http:\/\/www.palomadus.com\/wp-content\/uploads\/2019\/10\/about-768x438.jpg 768w\" sizes=\"auto, (max-width: 1000px) 100vw, 1000px\" \/><\/figure>\n\n\n<div style=\"color:var(--headColor);\" class=\"wp-block-safirtema-mainheading has-text-color\">\n\t<div class=\"mainHeading\">\n\t\t<span class=\"safiricon icon\"><svg class=\"safiricon-ekip3\"><use href=\"#safiricon-ekip3\"><\/use><\/svg><\/span>\t\t<div class=\"text\">Delta Outdoor<\/div>\n\t<\/div>\n<\/div>\n\n\n<p>Lorem ipsum dolor sit amet, consetetur sadipscing elitr, sed diam nonumy eirmod tempor invidunt ut labore et dolore magna aliquyam erat, sed diam voluptua. At vero eos et accusam et justo duo dolores et ea rebum. Stet clita kasd gubergren, no sea takimata sanctus est Lorem ipsum dolor sit amet. Lorem ipsum dolor sit amet, consetetur sadipscing elitr, sed diam nonumy eirmod tempor invidunt ut labore et dolore magna aliquyam erat, sed diam voluptua.\u00a0<strong>At vero eos et accusam et justo duo dolores<\/strong>\u00a0et ea rebum. Stet clita kasd gubergren, no sea takimata sanctus est Lorem ipsum dolor sit amet. Lorem ipsum dolor sit amet, consetetur sadipscing elitr, sed diam nonumy eirmod tempor invidunt ut labore et dolore magna aliquyam erat, sed diam voluptua. At vero eos et accusam et justo duo dolores et ea rebum. Stet clita kasd gubergren, no sea takimata sanctus est\u00a0<a href=\"http:\/\/safirdemo.com\/denge\/hakkimizda\/#\">Lorem ipsum<\/a>\u00a0dolor sit amet.<\/p>\n\n\n<div style=\"color:var(--headColor);\" class=\"wp-block-safirtema-mainheading has-text-color\">\n\t<div class=\"mainHeading\">\n\t\t<span class=\"safiricon icon\"><svg class=\"safiricon-anlasma\"><use href=\"#safiricon-anlasma\"><\/use><\/svg><\/span>\t\t<div class=\"text\">\u00c7\u00f6z\u00fcm Orta\u011f\u0131n\u0131z<\/div>\n\t<\/div>\n<\/div>\n\n\n<ul class=\"wp-block-list\"><li>At vero eos et accusam et justo duo dolores et ea rebum. <\/li><li>Stet clita kasd gubergren, no sea takimata sanctus est. <\/li><li>Lorem ipsum dolor sit amet. <\/li><li>Lorem ipsum dolor sit amet, consetetur sadipscing elitr.<\/li><\/ul>\n\n\n\n<p>Lorem ipsum dolor sit amet. Lorem ipsum dolor sit amet, consetetur sadipscing elitr. Lorem ipsum dolor sit amet. Lorem ipsum dolor sit amet, consetetur sadipscing elitr.<\/p>\n\n\n<div style=\"color:var(--headColor);\" class=\"wp-block-safirtema-mainheading has-text-color\">\n\t<div class=\"mainHeading\">\n\t\t<span class=\"safiricon icon\"><svg class=\"safiricon-soru2\"><use href=\"#safiricon-soru2\"><\/use><\/svg><\/span>\t\t<div class=\"text\">Nas\u0131l \u00c7al\u0131\u015f\u0131yoruz<\/div>\n\t<\/div>\n<\/div>\n\n<div class=\"wp-block-safirtema-sorucevap\">\n\t<div class=\"question\">\n\t\t<span class=\"themeicon icon\"><svg class=\"themeicon-question\"><use href=\"#safiricon-tema--question\"><\/use><\/svg><\/span>\t\t<span class=\"text\">At vero eos et accusam et justo duo dolores et ea rebum?<\/span>\n\t\t<div class=\"openclose\">\n\t\t\t<span class=\"themeicon icon\"><svg class=\"themeicon-arrow\"><use href=\"#safiricon-tema--arrow\"><\/use><\/svg><\/span><span class=\"themeicon icon\"><svg class=\"themeicon-up\"><use href=\"#safiricon-tema--up\"><\/use><\/svg><\/span>\t\t<\/div>\n\t<\/div>\n\t<div class=\"answer\">Stet clita kasd gubergren, no sea takimata sanctus est Lorem ipsum dolor sit amet. Lorem ipsum dolor sit amet, consetetur sadipscing elitr, sed diam nonumy eirmod tempor invidunt ut labore et dolore magna aliquyam erat, sed diam voluptua. <strong>At vero eos et accusam<\/strong> et justo duo dolores et ea rebum. Stet clita kasd gubergren, no sea takimata sanctus est Lorem ipsum dolor sit amet. Lorem ipsum dolor sit amet, consetetur sadipscing elitr, At accusam aliquyam diam diam <a href=\"#\">dolore dolores<\/a> duo eirmod eos erat, et nonumy sed tempor et et invidunt justo labore Stet clita ea et gubergren, kasd magna no rebum. sanctus sea sed takimata ut vero voluptua. est Lorem ipsum dolor sit amet. Lorem ipsum dolor sit amet, consetetur sadipscing elitr, sed diam nonumy eirmod tempor invidunt ut labore et dolore magna aliquyam erat.<\/div>\n<\/div>\n\n<div class=\"wp-block-safirtema-sorucevap\">\n\t<div class=\"question\">\n\t\t<span class=\"themeicon icon\"><svg class=\"themeicon-question\"><use href=\"#safiricon-tema--question\"><\/use><\/svg><\/span>\t\t<span class=\"text\">Stet clita kasd gubergren?<\/span>\n\t\t<div class=\"openclose\">\n\t\t\t<span class=\"themeicon icon\"><svg class=\"themeicon-arrow\"><use href=\"#safiricon-tema--arrow\"><\/use><\/svg><\/span><span class=\"themeicon icon\"><svg class=\"themeicon-up\"><use href=\"#safiricon-tema--up\"><\/use><\/svg><\/span>\t\t<\/div>\n\t<\/div>\n\t<div class=\"answer\">No sea takimata sanctus est Lorem ipsum dolor sit amet. Lorem ipsum dolor sit amet, consetetur sadipscing elitr, sed diam nonumy eirmod tempor invidunt ut labore et dolore magna aliquyam erat, sed diam voluptua. At vero eos et accusam et justo duo dolores et ea rebum. Stet clita kasd gubergren, no sea takimata sanctus est Lorem ipsum dolor sit amet. Lorem ipsum dolor sit amet, consetetur sadipscing elitr, At accusam aliquyam diam diam dolore dolores duo eirmod eos erat, et nonumy sed tempor et et invidunt justo labore Stet clita ea et gubergren, kasd magna no rebum. sanctus sea sed takimata ut vero voluptua. est Lorem ipsum dolor sit amet. Lorem ipsum dolor sit amet, consetetur sadipscing elitr, sed diam nonumy eirmod tempor invidunt ut labore et dolore magna aliquyam erat.<\/div>\n<\/div>\n\n\n<p>At vero eos et accusam et justo duo dolores et ea rebum. Stet clita kasd gubergren, no sea takimata sanctus est Lorem ipsum dolor sit amet. Lorem ipsum dolor sit amet, consetetur sadipscing elitr, sed diam nonumy eirmod tempor invidunt ut labore et dolore magna aliquyam erat, sed diam voluptua. At vero eos et accusam et justo duo dolores et ea rebum. <\/p>\n\n\n<div class=\"wp-block-safirtema-bgtext\">\n\t<div class=\"descriptionbox\" style=\"background-image: url(http:\/\/www.palomadus.com\/wp-content\/themes\/delta\/images\/descriptionbox\/buildings.jpg)\">\n\t\t<div class=\"inner\">\n\t\t\t<span class=\"safiricon icon\"><svg class=\"safiricon-whatsapp\"><use href=\"#safiricon-whatsapp\"><\/use><\/svg><\/span>\t\t\t<div class=\"detail\">\n\t\t\t\t<div class=\"header\">Stet clita ea et gubergren<\/div>\n\t\t\t\t\t\t\t\t\t<div class=\"content\">Lorem ipsum dolor sit amet. Lorem ipsum dolor sit amet, consetetur sadipscing elitr.<\/div>\n\t\t\t\t\t\t\t<\/div>\n\t\t<\/div>\n\t<\/div>\n<\/div>\n\n\n\n<p>Stet clita kasd gubergren, no sea takimata sanctus est Lorem ipsum dolor sit amet. Lorem ipsum dolor sit amet, consetetur sadipscing elitr, At accusam aliquyam diam diam dolore dolores duo eirmod eos erat, et nonumy sed tempor et et invidunt justo labore Stet clita ea et gubergren, kasd magna no rebum. sanctus sea sed takimata ut vero voluptua. est Lorem ipsum dolor sit amet. Lorem ipsum dolor sit amet, consetetur sadipscing elitr, sed diam nonumy eirmod tempor invidunt ut labore et dolore magna aliquyam erat.<\/p>\n","protected":false},"excerpt":{"rendered":"<p>Lorem ipsum dolor sit amet, consetetur sadipscing elitr, sed diam nonumy eirmod tempor invidunt ut labore et dolore magna aliquyam erat, sed diam voluptua. At vero eos et accusam et justo duo dolores et ea rebum. Stet clita kasd gubergren, no sea takimata sanctus est Lorem ipsum dolor sit amet. Lorem ipsum dolor sit amet, [&hellip;]<\/p>\n","protected":false},"author":1,"featured_media":0,"parent":0,"menu_order":0,"comment_status":"closed","ping_status":"closed","template":"","meta":{"footnotes":""},"class_list":["post-100","page","type-page","status-publish","hentry"],"aioseo_notices":[],"_links":{"self":[{"href":"http:\/\/www.palomadus.com\/index.php?rest_route=\/wp\/v2\/pages\/100","targetHints":{"allow":["GET"]}}],"collection":[{"href":"http:\/\/www.palomadus.com\/index.php?rest_route=\/wp\/v2\/pages"}],"about":[{"href":"http:\/\/www.palomadus.com\/index.php?rest_route=\/wp\/v2\/types\/page"}],"author":[{"embeddable":true,"href":"http:\/\/www.palomadus.com\/index.php?rest_route=\/wp\/v2\/users\/1"}],"replies":[{"embeddable":true,"href":"http:\/\/www.palomadus.com\/index.php?rest_route=%2Fwp%2Fv2%2Fcomments&post=100"}],"version-history":[{"count":5,"href":"http:\/\/www.palomadus.com\/index.php?rest_route=\/wp\/v2\/pages\/100\/revisions"}],"predecessor-version":[{"id":106,"href":"http:\/\/www.palomadus.com\/index.php?rest_route=\/wp\/v2\/pages\/100\/revisions\/106"}],"wp:attachment":[{"href":"http:\/\/www.palomadus.com\/index.php?rest_route=%2Fwp%2Fv2%2Fmedia&parent=100"}],"curies":[{"name":"wp","href":"https:\/\/api.w.org\/{rel}","templated":true}]}}